{"id":96,"date":"2020-12-11T23:00:49","date_gmt":"2020-12-11T22:00:49","guid":{"rendered":"http:\/\/www.heinritz-mutschler.de\/?page_id=96"},"modified":"2024-07-19T09:16:05","modified_gmt":"2024-07-19T07:16:05","slug":"norbert","status":"publish","type":"page","link":"http:\/\/www.heinritz-mutschler.de\/?page_id=96","title":{"rendered":"Norbert"},"content":{"rendered":"\n<figure class=\"wp-block-image size-large is-resized\"><img loading=\"lazy\" decoding=\"async\" width=\"732\" height=\"1024\" src=\"http:\/\/www.heinritz-mutschler.de\/wp-content\/uploads\/2024\/06\/Norbert-732x1024.jpg\" alt=\"\" class=\"wp-image-195\" style=\"width:195px;height:279px\" srcset=\"http:\/\/www.heinritz-mutschler.de\/wp-content\/uploads\/2024\/06\/Norbert-732x1024.jpg 732w, http:\/\/www.heinritz-mutschler.de\/wp-content\/uploads\/2024\/06\/Norbert-214x300.jpg 214w, http:\/\/www.heinritz-mutschler.de\/wp-content\/uploads\/2024\/06\/Norbert-768x1074.jpg 768w, http:\/\/www.heinritz-mutschler.de\/wp-content\/uploads\/2024\/06\/Norbert-1098x1536.jpg 1098w, http:\/\/www.heinritz-mutschler.de\/wp-content\/uploads\/2024\/06\/Norbert-1464x2048.jpg 1464w, http:\/\/www.heinritz-mutschler.de\/wp-content\/uploads\/2024\/06\/Norbert.jpg 1486w\" sizes=\"auto, (max-width: 732px) 100vw, 732px\" \/><\/figure>\n\n\n\n<p>Ich bin 1963 geboren, mit Rosemarie gl\u00fccklich verheiratet und wir haben drei tolle erwachsene Kinder. Ich bin evangelischer Pfarrer, Gestaltherapeut, Supervisor und Pastoralspycholge. Seit 1990 bin ich im Dienst der Evangelischen Landeskirche in Bayern. Ich war in verschiedenen Kirchengemeinden in und um N\u00fcrnberg t\u00e4tig. Seit Mai 2024 bin Pfarrer in Katzwang im S\u00fcden N\u00fcrnbergs und gesch\u00e4ftsf\u00fchrender Pfarrer der Pfarrei an Zwiesel und Rednitz. Neben verschiedenen Seelsorgefortbildungen machte ich eine vierj\u00e4hrige Weiterbildung in Gestalttherapie, eine vierj\u00e4hrige Weiterbildung zum Supervisor und zuletzt eine dreij\u00e4hrige Weiterbildung zum Lehrtherapeuten am Symboloninstitut f\u00fcr Gestalttherapie in N\u00fcrnberg. Felderfahrungen habe ich in Kirche, Diakonie und Schule.<\/p>\n\n\n\n<figure id=\"Tabelle1\" class=\"wp-block-table\"><table><tbody><tr><td>1983-1990<\/td><td>Studium der evang. Theologie in Erlangen, Heidelberg und Bern<\/td><\/tr><tr><td>1990-1993<\/td><td>Lehrvikariat in Rain am Lech<\/td><\/tr><tr><td>1993-1997<\/td><td>Pfarrer in N\u00fcrnberg-St. Johannis<\/td><\/tr><tr><td>1995-1996<\/td><td>einj\u00e4hriger berufsbegleitender Seelsorge-Intensivkurs in N\u00fcrnberg bei R. H\u00e4berlein und G. Peschke<\/td><\/tr><tr><td>1997-2000<\/td><td>Erziehungsurlaub<\/td><\/tr><tr><td>1998-2000<\/td><td>nebenberuflicher Seelsorger bei der Diakonie N\u00fcrnberg-West<\/td><\/tr><tr><td>1999-2003<\/td><td>vierj\u00e4hrige Weiterbildung in Gestalttherapie beim Symbolon-Institut in N\u00fcrnberg<\/td><\/tr><tr><td>1999-2005<\/td><td>Vorsitzender des Forums Seelsorge in Bayern<\/td><\/tr><tr><td>2000-2007<\/td><td>Pfarrer an der Lutherkirche N\u00fcrnberg<\/td><\/tr><tr><td>2005<\/td><td>Fortbildung \u201cEinf\u00fchrung in die Methoden spiritueller Praxis\u201d bei Prof. M. Josuttis<\/td><\/tr><tr><td>2006-2011<\/td><td>Weiterbildung in Gestaltsupervision beim Bochumer Institut f\u00fcr Seelsorge und Supervision<\/td><\/tr><tr><td>2007-2020<\/td><td>Gemeindepfarrer auf der 1. Pfarrstelle Wendelstein<br>gleichzeitig 1. Vorsitzender des Diakonievereins Wendelstein<\/td><\/tr><tr><td>seit 2010<\/td><td>Gesch\u00e4ftsf\u00fchrer der Gesellschaft f\u00fcr Pastoralpsychologie in Bayern<\/td><\/tr><tr><td>April 2011<\/td><td>Anerkennung als Supervisor (DGfP)<\/td><\/tr><tr><td>2011-2020<\/td><td>Lehrbeauftragter f\u00fcr Seelsorge im Fach Diakonik an der Evangelischen Hochschule N\u00fcrnberg<\/td><\/tr><tr><td>2015-2020<\/td><td>stellvertr. Dekan im Dekanatsbezirk Schwabach<\/td><\/tr><tr><td>2019<\/td><td>Anerkennung als Lehrtherpeut am Symbolon-Institut N\u00fcrnberg<\/td><\/tr><tr><td>2020-2024<\/td><td>Seelsorger und Pastoralpsychologe in der Klinik und den Senioreneinrichtungen von Diakoneo Neuendettelsau zugleich Vorsitzender des Hospizvereins Neuendettelsau\/Windsbach<\/td><\/tr><tr><td>2021<\/td><td>Weiterbildung zum GVP-Berater (Gesundheitliche Vorsorgeplanung)<\/td><\/tr><tr><td>2023<\/td><td>Weiterbildung zum Ethikberater im Gesundheitswesen (AEM)<\/td><\/tr><tr><td>seit  <br>Mai 2024<\/td><td>Gemeindepfarrer in Katzwang auf der 1. Pfarrstelle der Pfarrei An Zwiesel und Rednitz<\/td><\/tr><\/tbody><\/table><\/figure>\n\n\n\n<p>Ich bin Mitglied in folgenden Interessenvertretungen und Berufsverb\u00e4nden:<\/p>\n\n\n\n<ul class=\"wp-block-list\">\n<li>Deutsche Gesellschaft f\u00fcr Integrative Therapie, Gestalttherapie und Kreativit\u00e4tsf\u00f6rderung e.V. (DGiK)<\/li>\n\n\n\n<li>Deutsche Gesellschaft f\u00fcr Pastoralpsychologie (DGfP)<\/li>\n\n\n\n<li>Forum Seelsorge in Bayern (FSiB)<\/li>\n\n\n\n<li>Pastoralpsychologie in Bayern (PiB)<\/li>\n<\/ul>\n","protected":false},"excerpt":{"rendered":"<p>Ich bin 1963 geboren, mit Rosemarie gl\u00fccklich verheiratet und wir haben drei tolle erwachsene Kinder. Ich bin evangelischer Pfarrer, Gestaltherapeut, Supervisor und Pastoralspycholge. Seit 1990 bin ich im Dienst der Evangelischen Landeskirche in Bayern. Ich war in verschiedenen Kirchengemeinden in und um N\u00fcrnberg t\u00e4tig. Seit Mai 2024 bin Pfarrer in Katzwang im S\u00fcden N\u00fcrnbergs und &hellip; <\/p>\n<p class=\"link-more\"><a href=\"http:\/\/www.heinritz-mutschler.de\/?page_id=96\" class=\"more-link\"><span class=\"screen-reader-text\">\u201eNorbert\u201c<\/span> weiterlesen<\/a><\/p>\n","protected":false},"author":1,"featured_media":0,"parent":0,"menu_order":0,"comment_status":"closed","ping_status":"closed","template":"","meta":{"footnotes":""},"class_list":["post-96","page","type-page","status-publish","hentry"],"_links":{"self":[{"href":"http:\/\/www.heinritz-mutschler.de\/index.php?rest_route=\/wp\/v2\/pages\/96","targetHints":{"allow":["GET"]}}],"collection":[{"href":"http:\/\/www.heinritz-mutschler.de\/index.php?rest_route=\/wp\/v2\/pages"}],"about":[{"href":"http:\/\/www.heinritz-mutschler.de\/index.php?rest_route=\/wp\/v2\/types\/page"}],"author":[{"embeddable":true,"href":"http:\/\/www.heinritz-mutschler.de\/index.php?rest_route=\/wp\/v2\/users\/1"}],"replies":[{"embeddable":true,"href":"http:\/\/www.heinritz-mutschler.de\/index.php?rest_route=%2Fwp%2Fv2%2Fcomments&post=96"}],"version-history":[{"count":12,"href":"http:\/\/www.heinritz-mutschler.de\/index.php?rest_route=\/wp\/v2\/pages\/96\/revisions"}],"predecessor-version":[{"id":203,"href":"http:\/\/www.heinritz-mutschler.de\/index.php?rest_route=\/wp\/v2\/pages\/96\/revisions\/203"}],"wp:attachment":[{"href":"http:\/\/www.heinritz-mutschler.de\/index.php?rest_route=%2Fwp%2Fv2%2Fmedia&parent=96"}],"curies":[{"name":"wp","href":"https:\/\/api.w.org\/{rel}","templated":true}]}}