{"id":97,"date":"2020-12-11T23:00:49","date_gmt":"2020-12-11T22:00:49","guid":{"rendered":"http:\/\/www.heinritz-mutschler.de\/?page_id=97"},"modified":"2021-01-18T18:57:50","modified_gmt":"2021-01-18T17:57:50","slug":"rosemarie","status":"publish","type":"page","link":"http:\/\/www.heinritz-mutschler.de\/?page_id=97","title":{"rendered":"Rosemarie"},"content":{"rendered":"\n<figure class=\"wp-block-image size-large is-resized\"><img loading=\"lazy\" decoding=\"async\" src=\"http:\/\/www.heinritz-mutschler.de\/wp-content\/uploads\/2020\/12\/DSC_0985_LI-827x1024.jpg\" alt=\"\" class=\"wp-image-108\" width=\"198\" height=\"245\" srcset=\"http:\/\/www.heinritz-mutschler.de\/wp-content\/uploads\/2020\/12\/DSC_0985_LI-827x1024.jpg 827w, http:\/\/www.heinritz-mutschler.de\/wp-content\/uploads\/2020\/12\/DSC_0985_LI-242x300.jpg 242w, http:\/\/www.heinritz-mutschler.de\/wp-content\/uploads\/2020\/12\/DSC_0985_LI-768x951.jpg 768w, http:\/\/www.heinritz-mutschler.de\/wp-content\/uploads\/2020\/12\/DSC_0985_LI.jpg 1223w\" sizes=\"auto, (max-width: 198px) 100vw, 198px\" \/><\/figure>\n\n\n\n<p>Ich bin in Schwaben geboren und seit 1991 in Mittelfranken gl\u00fccklich verheiratet. Unsere drei Kinder sind inzwischen erwachsen und so habe ich Freiraum, mich neben meiner Teilzeitstelle weiter zu engagieren. Seit 1997 unterrichte ich am Gymnasium Roth evangelische Religion und Deutsch und seit 2011 bin ich dort Beratungslehrkraft. Nach der Ausbildung in Gestalttherapie f\u00fcr Kinder und Jugendliche habe ich \u2013 ebenfalls beim Symbolon-Institut N\u00fcrnberg \u2013 eine dreij\u00e4hrige Weiterbildung Supervision\/Coaching absolviert. <\/p>\n\n\n\n<p>Wie ich dazu gekommen bin? Als junge Referendarin und Berufsanf\u00e4ngerin holte ich mir Unterst\u00fctzung durch Supervision. Damals gab es im schulischen Umfeld noch kein Supervisionsangebot. Aber ich habe diese Beratung als so wertvoll erlebt, dass ich auch in sp\u00e4teren Situationen extremer beruflicher Belastung immer wieder darauf zur\u00fcckgekommen bin. Diese Erfahrung hat mich gepr\u00e4gt, so dass ich jetzt mit entsprechenden Ausbildungen gerne gemeinsam mit Klienten und Klientinnen nach L\u00f6sungen suche. Vor allem im schulischen Umfeld mit unz\u00e4hligen Kontakten zu vielen, vor allem jungen Menschen, ist Supervision und Coaching eine gro\u00dfe Hilfe. Deshalb freue ich mich, dass es inzwischen im Rahmen des Projekts \u201eLehrergesundheit\u201c in Mittelfranken ein kostenloses Angebot f\u00fcr Lehrkr\u00e4fte gibt.<\/p>\n\n\n\n<p>Aufgrund meiner langj\u00e4hrigen T\u00e4tigkeit als Ehrenamtliche im Bereich der Kirche erstreckt sich meine Felderfahrung auf die Bereiche Kirche, Diakonie, Studium und Schule.<br><\/p>\n\n\n\n<p>1983 Abitur in Bad Urach<\/p>\n\n\n\n<p>1983-1984 Diakonisches Jahr in der Gustav-Werner-Stiftung zum Bruderhaus in Reutlingen<\/p>\n\n\n\n<p>1984-1991 Studium der evangelischen Theologie und Germanistik in T\u00fcbingen und Bern<\/p>\n\n\n\n<p>1992-1994 Referendariat am Melanchthon-Gymnasium in N\u00fcrnberg<\/p>\n\n\n\n<p>1994-1997 Elternzeit<\/p>\n\n\n\n<p>Seit 1997 Lehrerin am Gymnasium Roth (im Personalrat 1998-2006, Schulentwicklungsteam seit 2006)<\/p>\n\n\n\n<p>Seit 2009 Dekanatsfrauenbeauftragte im evangelischen Dekanat Schwabach<\/p>\n\n\n\n<p>2010-2012 Erweiterungsstudium zur Beratungslehrkraft an der Universit\u00e4t Eichst\u00e4tt<\/p>\n\n\n\n<p>2010-2014 Weiterbildung in Gestalttherapie f\u00fcr Kinder und Jugendliche am Symbolon-Institut N\u00fcrnberg<\/p>\n\n\n\n<p>2016-2019 Weiterbildung in Supervision\/Coaching am Symbolon-Institut N\u00fcrnberg<\/p>\n\n\n\n<p><br>Ich bin Mitglied in folgenden Berufsverb\u00e4nden und Interessenvertretungen: <\/p>\n\n\n\n<ul class=\"wp-block-list\"><li>Arbeitsgemeinschaft evangelischer Religionslehrer und Religionslehrerinnen an Gymnasien in Bayern (AERGB)<\/li><li>Bayerischer Philologenverband (bpv)<\/li><li>Interessengemeinschaft Supervision und Coaching (IGSV)<\/li><li>Deutsche Gesellschaft f\u00fcr Supervision und Coaching (DGSv)<\/li><\/ul>\n","protected":false},"excerpt":{"rendered":"<p>Ich bin in Schwaben geboren und seit 1991 in Mittelfranken gl\u00fccklich verheiratet. Unsere drei Kinder sind inzwischen erwachsen und so habe ich Freiraum, mich neben meiner Teilzeitstelle weiter zu engagieren. Seit 1997 unterrichte ich am Gymnasium Roth evangelische Religion und Deutsch und seit 2011 bin ich dort Beratungslehrkraft. Nach der Ausbildung in Gestalttherapie f\u00fcr Kinder &hellip; <\/p>\n<p class=\"link-more\"><a href=\"http:\/\/www.heinritz-mutschler.de\/?page_id=97\" class=\"more-link\"><span class=\"screen-reader-text\">\u201eRosemarie\u201c<\/span> weiterlesen<\/a><\/p>\n","protected":false},"author":1,"featured_media":0,"parent":0,"menu_order":0,"comment_status":"closed","ping_status":"closed","template":"","meta":{"footnotes":""},"class_list":["post-97","page","type-page","status-publish","hentry"],"_links":{"self":[{"href":"http:\/\/www.heinritz-mutschler.de\/index.php?rest_route=\/wp\/v2\/pages\/97","targetHints":{"allow":["GET"]}}],"collection":[{"href":"http:\/\/www.heinritz-mutschler.de\/index.php?rest_route=\/wp\/v2\/pages"}],"about":[{"href":"http:\/\/www.heinritz-mutschler.de\/index.php?rest_route=\/wp\/v2\/types\/page"}],"author":[{"embeddable":true,"href":"http:\/\/www.heinritz-mutschler.de\/index.php?rest_route=\/wp\/v2\/users\/1"}],"replies":[{"embeddable":true,"href":"http:\/\/www.heinritz-mutschler.de\/index.php?rest_route=%2Fwp%2Fv2%2Fcomments&post=97"}],"version-history":[{"count":8,"href":"http:\/\/www.heinritz-mutschler.de\/index.php?rest_route=\/wp\/v2\/pages\/97\/revisions"}],"predecessor-version":[{"id":177,"href":"http:\/\/www.heinritz-mutschler.de\/index.php?rest_route=\/wp\/v2\/pages\/97\/revisions\/177"}],"wp:attachment":[{"href":"http:\/\/www.heinritz-mutschler.de\/index.php?rest_route=%2Fwp%2Fv2%2Fmedia&parent=97"}],"curies":[{"name":"wp","href":"https:\/\/api.w.org\/{rel}","templated":true}]}}